{"id":9182,"date":"2025-10-18T09:01:42","date_gmt":"2025-10-18T09:01:42","guid":{"rendered":"https:\/\/mastul.de\/?page_id=9182"},"modified":"2025-10-18T13:03:31","modified_gmt":"2025-10-18T13:03:31","slug":"archiv-2021","status":"publish","type":"page","link":"https:\/\/mastul.de\/archiv\/archiv-2021\/","title":{"rendered":"2021"},"content":{"rendered":"<div class=\"em em-view-container\" id=\"em-view-195962200\" data-view=\"list\">\r\n\t<div class=\"em pixelbones em-list em-events-list\" id=\"em-events-list-195962200\" data-view-id=\"195962200\">\r\n\t<\/p>\n<div class=\"eventlist\">\n<div class=\"eventlist_date\">\n<h2>08. Oktober 2021<\/h2>\n<p>Freitag<br \/>\n21:00<\/p>\n<\/div>\n<div class=\"eventlist_detail\"><img loading=\"lazy\" decoding=\"async\" width=\"300\" height=\"150\" src=\"https:\/\/mastul.de\/archiv\/wp-content\/uploads\/2019\/01\/Jazz-Kitchen-Banner-02-e1563869496884.jpg\" class=\"attachment-300x200 size-300x200 wp-post-image\" alt=\"Jazz Kitchen Mastul - Charlotte Joerges, Isi Bass, Flo M\u00fcller\" srcset=\"https:\/\/mastul.de\/archiv\/wp-content\/uploads\/2019\/01\/Jazz-Kitchen-Banner-02-e1563869496884.jpg 1600w, https:\/\/mastul.de\/archiv\/wp-content\/uploads\/2019\/01\/Jazz-Kitchen-Banner-02-e1563869496884-850x425.jpg 850w, https:\/\/mastul.de\/archiv\/wp-content\/uploads\/2019\/01\/Jazz-Kitchen-Banner-02-e1563869496884-620x310.jpg 620w, https:\/\/mastul.de\/archiv\/wp-content\/uploads\/2019\/01\/Jazz-Kitchen-Banner-02-e1563869496884-400x200.jpg 400w\" sizes=\"auto, (max-width: 300px) 100vw, 300px\" \/><\/p>\n<h2><a href=\"https:\/\/mastul.de\/archiv\/events\/jazz-kitchen-mastul-die-monatliche-jazzbuehne-3-2021-10-08\/\">Jazz Kitchen Mastul - Charlotte Joerges, Isi Bass, Flo M\u00fcller<\/a><\/h2>\n<p class=\"event_text\">Der Jazz von Charlotte und Isi begann im Herbst 2020. Zusammen improvisierten sie auf den Stra\u00dfen Kreuzbergs. Dies gefiel nicht nur den beiden, sondern auch [...]<\/p>\n<div class=\"eventlist_icon\">\t<ul class=\"event-categories\">\r\n\t\t\t\t\t<li><a href=\"https:\/\/mastul.de\/archiv\/events\/categories\/konzerte\/\">Konzerte<\/a><\/li>\r\n\t\t\t\t\t<li><a href=\"https:\/\/mastul.de\/archiv\/events\/categories\/programm\/\">Programm<\/a><\/li>\r\n\t\t\t<\/ul>\r\n\t<\/div>\n<\/div>\n<p><a class=\"event_link\" href=\"https:\/\/mastul.de\/archiv\/events\/jazz-kitchen-mastul-die-monatliche-jazzbuehne-3-2021-10-08\/\"><em>&gt; zur Veranstaltung<\/em><\/a><\/p>\n<div style=\"clear: both\"><\/div>\n<\/div>\n<p><\/p>\n<div class=\"eventlist\">\n<div class=\"eventlist_date\">\n<h2>08. Oktober 2021 - 31. Dezember 2021<\/h2>\n<p>Freitag<br \/>\n21:00<\/p>\n<\/div>\n<div class=\"eventlist_detail\"><img loading=\"lazy\" decoding=\"async\" width=\"300\" height=\"150\" src=\"https:\/\/mastul.de\/archiv\/wp-content\/uploads\/2019\/01\/Jazz-Kitchen-Banner-02-e1563869496884.jpg\" class=\"attachment-300x200 size-300x200 wp-post-image\" alt=\"Jazz Kitchen Mastul - Die monatliche Jazzb\u00fchne\" srcset=\"https:\/\/mastul.de\/archiv\/wp-content\/uploads\/2019\/01\/Jazz-Kitchen-Banner-02-e1563869496884.jpg 1600w, https:\/\/mastul.de\/archiv\/wp-content\/uploads\/2019\/01\/Jazz-Kitchen-Banner-02-e1563869496884-850x425.jpg 850w, https:\/\/mastul.de\/archiv\/wp-content\/uploads\/2019\/01\/Jazz-Kitchen-Banner-02-e1563869496884-620x310.jpg 620w, https:\/\/mastul.de\/archiv\/wp-content\/uploads\/2019\/01\/Jazz-Kitchen-Banner-02-e1563869496884-400x200.jpg 400w\" sizes=\"auto, (max-width: 300px) 100vw, 300px\" \/><\/p>\n<h2><a href=\"https:\/\/mastul.de\/archiv\/event-recurring\/jazz-kitchen-mastul-die-monatliche-jazzbuehne-3\/\">Jazz Kitchen Mastul - Die monatliche Jazzb\u00fchne<\/a><\/h2>\n<p class=\"event_text\">Jeden 2. Freitag im Monat versammelt sich ein St\u00fcckchen Cr\u00e8me de la Cr\u00e8me der musikalischen, internationalen Jazz-K\u00fcche auf unserer Salonb\u00fchne. Zeitgen\u00f6ssische Kompositionen, alter Swing, schwelgerische [...]<\/p>\n<div class=\"eventlist_icon\">\t<ul class=\"event-categories\">\r\n\t\t\t\t\t<li><a href=\"https:\/\/mastul.de\/archiv\/events\/categories\/konzerte\/\">Konzerte<\/a><\/li>\r\n\t\t\t\t\t<li><a href=\"https:\/\/mastul.de\/archiv\/events\/categories\/programm\/\">Programm<\/a><\/li>\r\n\t\t\t<\/ul>\r\n\t<\/div>\n<\/div>\n<p><a class=\"event_link\" href=\"https:\/\/mastul.de\/archiv\/event-recurring\/jazz-kitchen-mastul-die-monatliche-jazzbuehne-3\/\"><em>&gt; zur Veranstaltung<\/em><\/a><\/p>\n<div style=\"clear: both\"><\/div>\n<\/div>\n<p><\/p>\n<div class=\"eventlist\">\n<div class=\"eventlist_date\">\n<h2>20. Oktober 2021<\/h2>\n<p>Mittwoch<br \/>\n20:00<\/p>\n<\/div>\n<div class=\"eventlist_detail\"><img loading=\"lazy\" decoding=\"async\" width=\"140\" height=\"200\" src=\"https:\/\/mastul.de\/archiv\/wp-content\/uploads\/2012\/07\/zappa.png\" class=\"attachment-300x200 size-300x200 wp-post-image\" alt=\"Salon\" \/><\/p>\n<h2><a href=\"https:\/\/mastul.de\/archiv\/events\/salon\/\">Salon<\/a><\/h2>\n<p class=\"event_text\">Der klassische Mastul-Salon bietet in den hektischen Tagen unserer Zeit Raum, Heiterkeit und Muse fu\u0308r alle Ahnverwandten der geselligen Gemu\u0308tlichkeit. Wir freuen uns u\u0308ber jede [...]<\/p>\n<div class=\"eventlist_icon\">\t<ul class=\"event-categories\">\r\n\t\t\t\t\t<li><a href=\"https:\/\/mastul.de\/archiv\/events\/categories\/programm\/\">Programm<\/a><\/li>\r\n\t\t\t\t\t<li><a href=\"https:\/\/mastul.de\/archiv\/events\/categories\/salon\/\">Salon<\/a><\/li>\r\n\t\t\t<\/ul>\r\n\t<\/div>\n<\/div>\n<p><a class=\"event_link\" href=\"https:\/\/mastul.de\/archiv\/events\/salon\/\"><em>&gt; zur Veranstaltung<\/em><\/a><\/p>\n<div style=\"clear: both\"><\/div>\n<\/div>\n<p><\/p>\n<div class=\"eventlist\">\n<div class=\"eventlist_date\">\n<h2>27. Oktober 2021<\/h2>\n<p>Mittwoch<br \/>\n21:00<\/p>\n<\/div>\n<div class=\"eventlist_detail\"><img loading=\"lazy\" decoding=\"async\" width=\"292\" height=\"200\" src=\"https:\/\/mastul.de\/archiv\/wp-content\/uploads\/2018\/12\/Bingo.jpg\" class=\"attachment-300x200 size-300x200 wp-post-image\" alt=\"BINGO - Bingo?\u2026 echt jetzt? Im Ernst?! \u2026\" srcset=\"https:\/\/mastul.de\/archiv\/wp-content\/uploads\/2018\/12\/Bingo.jpg 1796w, https:\/\/mastul.de\/archiv\/wp-content\/uploads\/2018\/12\/Bingo-300x206.jpg 300w, https:\/\/mastul.de\/archiv\/wp-content\/uploads\/2018\/12\/Bingo-768x527.jpg 768w, https:\/\/mastul.de\/archiv\/wp-content\/uploads\/2018\/12\/Bingo-1024x702.jpg 1024w\" sizes=\"auto, (max-width: 292px) 100vw, 292px\" \/><\/p>\n<h2><a href=\"https:\/\/mastul.de\/archiv\/events\/bingo-bingo-echt-jetzt-im-ernst-4\/\">BINGO - Bingo?\u2026 echt jetzt? Im Ernst?! \u2026<\/a><\/h2>\n<p class=\"event_text\">Altbekanntes Spiel, neues Gl\u00fcck. Mit Molle und Schn\u00e4pperken. Ein herrlich sinnbefreiter Spa\u00df! Mach mit! Mach`s bunt! Einlass: 20 Uhr Show: 21 Uhr About that Covid [...]<\/p>\n<div class=\"eventlist_icon\">\t<ul class=\"event-categories\">\r\n\t\t\t\t\t<li><a href=\"https:\/\/mastul.de\/archiv\/events\/categories\/bambule\/\">Bambule<\/a><\/li>\r\n\t\t\t\t\t<li><a href=\"https:\/\/mastul.de\/archiv\/events\/categories\/programm\/\">Programm<\/a><\/li>\r\n\t\t\t\t\t<li><a href=\"https:\/\/mastul.de\/archiv\/events\/categories\/quiz\/\">Quiz<\/a><\/li>\r\n\t\t\t<\/ul>\r\n\t<\/div>\n<\/div>\n<p><a class=\"event_link\" href=\"https:\/\/mastul.de\/archiv\/events\/bingo-bingo-echt-jetzt-im-ernst-4\/\"><em>&gt; zur Veranstaltung<\/em><\/a><\/p>\n<div style=\"clear: both\"><\/div>\n<\/div>\n<p><\/p>\n<div class=\"eventlist\">\n<div class=\"eventlist_date\">\n<h2>03. November 2021<\/h2>\n<p>Mittwoch<br \/>\n20:00<\/p>\n<\/div>\n<div class=\"eventlist_detail\"><img loading=\"lazy\" decoding=\"async\" width=\"140\" height=\"200\" src=\"https:\/\/mastul.de\/archiv\/wp-content\/uploads\/2012\/07\/zappa.png\" class=\"attachment-300x200 size-300x200 wp-post-image\" alt=\"Salon\" \/><\/p>\n<h2><a href=\"https:\/\/mastul.de\/archiv\/events\/salon-2\/\">Salon<\/a><\/h2>\n<p class=\"event_text\">Der klassische Mastul-Salon bietet in den hektischen Tagen unserer Zeit Raum, Heiterkeit und Muse fu\u0308r alle Ahnverwandten der geselligen Gemu\u0308tlichkeit. Wir freuen uns u\u0308ber jede [...]<\/p>\n<div class=\"eventlist_icon\">\t<ul class=\"event-categories\">\r\n\t\t\t\t\t<li><a href=\"https:\/\/mastul.de\/archiv\/events\/categories\/programm\/\">Programm<\/a><\/li>\r\n\t\t\t\t\t<li><a href=\"https:\/\/mastul.de\/archiv\/events\/categories\/salon\/\">Salon<\/a><\/li>\r\n\t\t\t<\/ul>\r\n\t<\/div>\n<\/div>\n<p><a class=\"event_link\" href=\"https:\/\/mastul.de\/archiv\/events\/salon-2\/\"><em>&gt; zur Veranstaltung<\/em><\/a><\/p>\n<div style=\"clear: both\"><\/div>\n<\/div>\n<p><\/p>\n<div class=\"eventlist\">\n<div class=\"eventlist_date\">\n<h2>04. November 2021<\/h2>\n<p>Donnerstag<br \/>\n20:00<\/p>\n<\/div>\n<div class=\"eventlist_detail\"><img loading=\"lazy\" decoding=\"async\" width=\"143\" height=\"200\" src=\"https:\/\/mastul.de\/archiv\/wp-content\/uploads\/2021\/10\/675923976_8c860a40f4.jpeg\" class=\"attachment-300x200 size-300x200 wp-post-image\" alt=\"Oh ein Felix - Buchpremiere\" srcset=\"https:\/\/mastul.de\/archiv\/wp-content\/uploads\/2021\/10\/675923976_8c860a40f4.jpeg 400w, https:\/\/mastul.de\/archiv\/wp-content\/uploads\/2021\/10\/675923976_8c860a40f4-214x300.jpeg 214w\" sizes=\"auto, (max-width: 143px) 100vw, 143px\" \/><\/p>\n<h2><a href=\"https:\/\/mastul.de\/archiv\/events\/oh-ein-felix-buchpremiere\/\">Oh ein Felix - Buchpremiere<\/a><\/h2>\n<p class=\"event_text\">Felix Bork stammt aus Berlin. In Halle \/ Saale studierte er Zeichnen und beobachtete Tiere. \"Oh, ein Tier!\", \"Oh, eine Pflanze\" und \"Aus den \u00c4rschen [...]<\/p>\n<div class=\"eventlist_icon\">\t<ul class=\"event-categories\">\r\n\t\t\t\t\t<li><a href=\"https:\/\/mastul.de\/archiv\/events\/categories\/lesung\/\">Lesung<\/a><\/li>\r\n\t\t\t\t\t<li><a href=\"https:\/\/mastul.de\/archiv\/events\/categories\/programm\/\">Programm<\/a><\/li>\r\n\t\t\t<\/ul>\r\n\t<\/div>\n<\/div>\n<p><a class=\"event_link\" href=\"https:\/\/mastul.de\/archiv\/events\/oh-ein-felix-buchpremiere\/\"><em>&gt; zur Veranstaltung<\/em><\/a><\/p>\n<div style=\"clear: both\"><\/div>\n<\/div>\n<p><\/p>\n<div class=\"eventlist\">\n<div class=\"eventlist_date\">\n<h2>05. November 2021<\/h2>\n<p>Freitag<br \/>\n20:00<\/p>\n<\/div>\n<div class=\"eventlist_detail\"><img loading=\"lazy\" decoding=\"async\" width=\"143\" height=\"200\" src=\"https:\/\/mastul.de\/archiv\/wp-content\/uploads\/2021\/10\/675923976_8c860a40f4.jpeg\" class=\"attachment-300x200 size-300x200 wp-post-image\" alt=\"Oh ein Felix - Buchpremiere\" srcset=\"https:\/\/mastul.de\/archiv\/wp-content\/uploads\/2021\/10\/675923976_8c860a40f4.jpeg 400w, https:\/\/mastul.de\/archiv\/wp-content\/uploads\/2021\/10\/675923976_8c860a40f4-214x300.jpeg 214w\" sizes=\"auto, (max-width: 143px) 100vw, 143px\" \/><\/p>\n<h2><a href=\"https:\/\/mastul.de\/archiv\/events\/oh-ein-felix-buchpremiere-2\/\">Oh ein Felix - Buchpremiere<\/a><\/h2>\n<p class=\"event_text\">Felix Bork stammt aus Berlin. In Halle \/ Saale studierte er Zeichnen und beobachtete Tiere. \"Oh, ein Tier!\", \"Oh, eine Pflanze\" und \"Aus den \u00c4rschen [...]<\/p>\n<div class=\"eventlist_icon\">\t<ul class=\"event-categories\">\r\n\t\t\t\t\t<li><a href=\"https:\/\/mastul.de\/archiv\/events\/categories\/lesung\/\">Lesung<\/a><\/li>\r\n\t\t\t\t\t<li><a href=\"https:\/\/mastul.de\/archiv\/events\/categories\/programm\/\">Programm<\/a><\/li>\r\n\t\t\t<\/ul>\r\n\t<\/div>\n<\/div>\n<p><a class=\"event_link\" href=\"https:\/\/mastul.de\/archiv\/events\/oh-ein-felix-buchpremiere-2\/\"><em>&gt; zur Veranstaltung<\/em><\/a><\/p>\n<div style=\"clear: both\"><\/div>\n<\/div>\n<p><\/p>\n<div class=\"eventlist\">\n<div class=\"eventlist_date\">\n<h2>05. November 2021<\/h2>\n<p>Freitag<br \/>\n20:00<\/p>\n<\/div>\n<div class=\"eventlist_detail\"><img loading=\"lazy\" decoding=\"async\" width=\"300\" height=\"118\" src=\"https:\/\/mastul.de\/archiv\/wp-content\/uploads\/2021\/10\/Tender-Friday-fb-scaled.jpg\" class=\"attachment-300x200 size-300x200 wp-post-image\" alt=\"Tender Friday, sweet drinks, sweet people\" srcset=\"https:\/\/mastul.de\/archiv\/wp-content\/uploads\/2021\/10\/Tender-Friday-fb-scaled.jpg 2560w, https:\/\/mastul.de\/archiv\/wp-content\/uploads\/2021\/10\/Tender-Friday-fb-300x118.jpg 300w, https:\/\/mastul.de\/archiv\/wp-content\/uploads\/2021\/10\/Tender-Friday-fb-1024x402.jpg 1024w, https:\/\/mastul.de\/archiv\/wp-content\/uploads\/2021\/10\/Tender-Friday-fb-768x301.jpg 768w, https:\/\/mastul.de\/archiv\/wp-content\/uploads\/2021\/10\/Tender-Friday-fb-1536x603.jpg 1536w, https:\/\/mastul.de\/archiv\/wp-content\/uploads\/2021\/10\/Tender-Friday-fb-2048x804.jpg 2048w\" sizes=\"auto, (max-width: 300px) 100vw, 300px\" \/><\/p>\n<h2><a href=\"https:\/\/mastul.de\/archiv\/events\/tender-friday-sweet-drinks-sweet-people\/\">Tender Friday, sweet drinks, sweet people<\/a><\/h2>\n<p class=\"event_text\">Stell Dir ein Glas vor, so ungef\u00e4hr 200ml. Im Glas siehst Du etwas mit einem Farbverlauf wie ein romantischer Sonnenuntergang im Sp\u00e4therbst. Dazu ein s\u00fc\u00dfer [...]<\/p>\n<div class=\"eventlist_icon\">\t<ul class=\"event-categories\">\r\n\t\t\t\t\t<li><a href=\"https:\/\/mastul.de\/archiv\/events\/categories\/programm\/\">Programm<\/a><\/li>\r\n\t\t\t\t\t<li><a href=\"https:\/\/mastul.de\/archiv\/events\/categories\/show\/\">Show<\/a><\/li>\r\n\t\t\t<\/ul>\r\n\t<\/div>\n<\/div>\n<p><a class=\"event_link\" href=\"https:\/\/mastul.de\/archiv\/events\/tender-friday-sweet-drinks-sweet-people\/\"><em>&gt; zur Veranstaltung<\/em><\/a><\/p>\n<div style=\"clear: both\"><\/div>\n<\/div>\n<p><\/p>\n<div class=\"eventlist\">\n<div class=\"eventlist_date\">\n<h2>10. November 2021<\/h2>\n<p>Mittwoch<br \/>\n20:00<\/p>\n<\/div>\n<div class=\"eventlist_detail\"><img loading=\"lazy\" decoding=\"async\" width=\"140\" height=\"200\" src=\"https:\/\/mastul.de\/archiv\/wp-content\/uploads\/2012\/07\/zappa.png\" class=\"attachment-300x200 size-300x200 wp-post-image\" alt=\"Salon\" \/><\/p>\n<h2><a href=\"https:\/\/mastul.de\/archiv\/events\/salon-3\/\">Salon<\/a><\/h2>\n<p class=\"event_text\">Der klassische Mastul-Salon bietet in den hektischen Tagen unserer Zeit Raum, Heiterkeit und Muse fu\u0308r alle Ahnverwandten der geselligen Gemu\u0308tlichkeit. Wir freuen uns u\u0308ber jede [...]<\/p>\n<div class=\"eventlist_icon\">\t<ul class=\"event-categories\">\r\n\t\t\t\t\t<li><a href=\"https:\/\/mastul.de\/archiv\/events\/categories\/programm\/\">Programm<\/a><\/li>\r\n\t\t\t\t\t<li><a href=\"https:\/\/mastul.de\/archiv\/events\/categories\/salon\/\">Salon<\/a><\/li>\r\n\t\t\t<\/ul>\r\n\t<\/div>\n<\/div>\n<p><a class=\"event_link\" href=\"https:\/\/mastul.de\/archiv\/events\/salon-3\/\"><em>&gt; zur Veranstaltung<\/em><\/a><\/p>\n<div style=\"clear: both\"><\/div>\n<\/div>\n<p><\/p>\n<div class=\"eventlist\">\n<div class=\"eventlist_date\">\n<h2>12. November 2021<\/h2>\n<p>Freitag<br \/>\n21:00<\/p>\n<\/div>\n<div class=\"eventlist_detail\"><img loading=\"lazy\" decoding=\"async\" width=\"300\" height=\"150\" src=\"https:\/\/mastul.de\/archiv\/wp-content\/uploads\/2019\/01\/Jazz-Kitchen-Banner-02-e1563869496884.jpg\" class=\"attachment-300x200 size-300x200 wp-post-image\" alt=\"Jazz Kitchen Mastul - Trio Pik As\" srcset=\"https:\/\/mastul.de\/archiv\/wp-content\/uploads\/2019\/01\/Jazz-Kitchen-Banner-02-e1563869496884.jpg 1600w, https:\/\/mastul.de\/archiv\/wp-content\/uploads\/2019\/01\/Jazz-Kitchen-Banner-02-e1563869496884-850x425.jpg 850w, https:\/\/mastul.de\/archiv\/wp-content\/uploads\/2019\/01\/Jazz-Kitchen-Banner-02-e1563869496884-620x310.jpg 620w, https:\/\/mastul.de\/archiv\/wp-content\/uploads\/2019\/01\/Jazz-Kitchen-Banner-02-e1563869496884-400x200.jpg 400w\" sizes=\"auto, (max-width: 300px) 100vw, 300px\" \/><\/p>\n<h2><a href=\"https:\/\/mastul.de\/archiv\/events\/jazz-kitchen-mastul-die-monatliche-jazzbuehne-3-2021-11-12\/\">Jazz Kitchen Mastul - Trio Pik As<\/a><\/h2>\n<p class=\"event_text\">On 12. Oct 2021, at 11:30, Charlotte Joerges wrote: N\u00e4chste Jazzkitchen mit Pik As: (die du damals so cool fandest, da\u00df du es gerne gefilmt [...]<\/p>\n<div class=\"eventlist_icon\">\t<ul class=\"event-categories\">\r\n\t\t\t\t\t<li><a href=\"https:\/\/mastul.de\/archiv\/events\/categories\/konzerte\/\">Konzerte<\/a><\/li>\r\n\t\t\t\t\t<li><a href=\"https:\/\/mastul.de\/archiv\/events\/categories\/programm\/\">Programm<\/a><\/li>\r\n\t\t\t<\/ul>\r\n\t<\/div>\n<\/div>\n<p><a class=\"event_link\" href=\"https:\/\/mastul.de\/archiv\/events\/jazz-kitchen-mastul-die-monatliche-jazzbuehne-3-2021-11-12\/\"><em>&gt; zur Veranstaltung<\/em><\/a><\/p>\n<div style=\"clear: both\"><\/div>\n<\/div>\n<p><\/p>\n<div class=\"eventlist\">\n<div class=\"eventlist_date\">\n<h2>17. November 2021<\/h2>\n<p>Mittwoch<br \/>\n20:00<\/p>\n<\/div>\n<div class=\"eventlist_detail\"><img loading=\"lazy\" decoding=\"async\" width=\"140\" height=\"200\" src=\"https:\/\/mastul.de\/archiv\/wp-content\/uploads\/2012\/07\/zappa.png\" class=\"attachment-300x200 size-300x200 wp-post-image\" alt=\"Salon\" \/><\/p>\n<h2><a href=\"https:\/\/mastul.de\/archiv\/events\/salon-4\/\">Salon<\/a><\/h2>\n<p class=\"event_text\">Der klassische Mastul-Salon bietet in den hektischen Tagen unserer Zeit Raum, Heiterkeit und Muse fu\u0308r alle Ahnverwandten der geselligen Gemu\u0308tlichkeit. Wir freuen uns u\u0308ber jede [...]<\/p>\n<div class=\"eventlist_icon\">\t<ul class=\"event-categories\">\r\n\t\t\t\t\t<li><a href=\"https:\/\/mastul.de\/archiv\/events\/categories\/programm\/\">Programm<\/a><\/li>\r\n\t\t\t\t\t<li><a href=\"https:\/\/mastul.de\/archiv\/events\/categories\/salon\/\">Salon<\/a><\/li>\r\n\t\t\t<\/ul>\r\n\t<\/div>\n<\/div>\n<p><a class=\"event_link\" href=\"https:\/\/mastul.de\/archiv\/events\/salon-4\/\"><em>&gt; zur Veranstaltung<\/em><\/a><\/p>\n<div style=\"clear: both\"><\/div>\n<\/div>\n<p><\/p>\n<div class=\"eventlist\">\n<div class=\"eventlist_date\">\n<h2>24. November 2021<\/h2>\n<p>Mittwoch<br \/>\n21:00<\/p>\n<\/div>\n<div class=\"eventlist_detail\"><img loading=\"lazy\" decoding=\"async\" width=\"292\" height=\"200\" src=\"https:\/\/mastul.de\/archiv\/wp-content\/uploads\/2018\/12\/Bingo.jpg\" class=\"attachment-300x200 size-300x200 wp-post-image\" alt=\"ABGESAGT !!!!!!!! BINGO - Bingo?\u2026 echt jetzt? Im Ernst?! \u2026\" srcset=\"https:\/\/mastul.de\/archiv\/wp-content\/uploads\/2018\/12\/Bingo.jpg 1796w, https:\/\/mastul.de\/archiv\/wp-content\/uploads\/2018\/12\/Bingo-300x206.jpg 300w, https:\/\/mastul.de\/archiv\/wp-content\/uploads\/2018\/12\/Bingo-768x527.jpg 768w, https:\/\/mastul.de\/archiv\/wp-content\/uploads\/2018\/12\/Bingo-1024x702.jpg 1024w\" sizes=\"auto, (max-width: 292px) 100vw, 292px\" \/><\/p>\n<h2><a href=\"https:\/\/mastul.de\/archiv\/events\/bingo-bingo-echt-jetzt-im-ernst-5\/\">ABGESAGT !!!!!!!! BINGO - Bingo?\u2026 echt jetzt? Im Ernst?! \u2026<\/a><\/h2>\n<p class=\"event_text\">Altbekanntes Spiel, neues Gl\u00fcck. Mit Molle und Schn\u00e4pperken. Ein herrlich sinnbefreiter Spa\u00df! Mach mit! Mach`s bunt! Einlass: 20 Uhr Beginn: 21 Uhr About that Covid [...]<\/p>\n<div class=\"eventlist_icon\">\t<ul class=\"event-categories\">\r\n\t\t\t\t\t<li><a href=\"https:\/\/mastul.de\/archiv\/events\/categories\/bambule\/\">Bambule<\/a><\/li>\r\n\t\t\t\t\t<li><a href=\"https:\/\/mastul.de\/archiv\/events\/categories\/programm\/\">Programm<\/a><\/li>\r\n\t\t\t\t\t<li><a href=\"https:\/\/mastul.de\/archiv\/events\/categories\/quiz\/\">Quiz<\/a><\/li>\r\n\t\t\t<\/ul>\r\n\t<\/div>\n<\/div>\n<p><a class=\"event_link\" href=\"https:\/\/mastul.de\/archiv\/events\/bingo-bingo-echt-jetzt-im-ernst-5\/\"><em>&gt; zur Veranstaltung<\/em><\/a><\/p>\n<div style=\"clear: both\"><\/div>\n<\/div>\n<p><\/p>\n<div class=\"eventlist\">\n<div class=\"eventlist_date\">\n<h2>27. November 2021<\/h2>\n<p>Samstag<br \/>\n21:00<\/p>\n<\/div>\n<div class=\"eventlist_detail\"><img loading=\"lazy\" decoding=\"async\" width=\"300\" height=\"200\" src=\"https:\/\/mastul.de\/archiv\/wp-content\/uploads\/2021\/10\/2021_09_Beleza_melancolica-8119-300x200.jpg\" class=\"attachment-300x200 size-300x200 wp-post-image\" alt=\"Beleza melanc\u00f3lica\" srcset=\"https:\/\/mastul.de\/archiv\/wp-content\/uploads\/2021\/10\/2021_09_Beleza_melancolica-8119-300x200.jpg 300w, https:\/\/mastul.de\/archiv\/wp-content\/uploads\/2021\/10\/2021_09_Beleza_melancolica-8119-1024x683.jpg 1024w, https:\/\/mastul.de\/archiv\/wp-content\/uploads\/2021\/10\/2021_09_Beleza_melancolica-8119-768x512.jpg 768w, https:\/\/mastul.de\/archiv\/wp-content\/uploads\/2021\/10\/2021_09_Beleza_melancolica-8119-1536x1024.jpg 1536w, https:\/\/mastul.de\/archiv\/wp-content\/uploads\/2021\/10\/2021_09_Beleza_melancolica-8119-2048x1365.jpg 2048w\" sizes=\"auto, (max-width: 300px) 100vw, 300px\" \/><\/p>\n<h2><a href=\"https:\/\/mastul.de\/archiv\/events\/beleza-melancolica\/\">Beleza melanc\u00f3lica<\/a><\/h2>\n<p class=\"event_text\">Beeinflusst vom traditionellen Jazz, spielen die drei Musiker ohne Harmonieinstrumente Jazz mit einer nicht zu b\u00e4ndigenden Neugier. Es erklingen Eigenkompositionen in Anlehnung an Charles Mingus, [...]<\/p>\n<div class=\"eventlist_icon\">\t<ul class=\"event-categories\">\r\n\t\t\t\t\t<li><a href=\"https:\/\/mastul.de\/archiv\/events\/categories\/konzerte\/\">Konzerte<\/a><\/li>\r\n\t\t\t\t\t<li><a href=\"https:\/\/mastul.de\/archiv\/events\/categories\/programm\/\">Programm<\/a><\/li>\r\n\t\t\t<\/ul>\r\n\t<\/div>\n<\/div>\n<p><a class=\"event_link\" href=\"https:\/\/mastul.de\/archiv\/events\/beleza-melancolica\/\"><em>&gt; zur Veranstaltung<\/em><\/a><\/p>\n<div style=\"clear: both\"><\/div>\n<\/div>\n<p><\/p>\n<div class=\"eventlist\">\n<div class=\"eventlist_date\">\n<h2>10. Dezember 2021<\/h2>\n<p>Freitag<br \/>\n21:00<\/p>\n<\/div>\n<div class=\"eventlist_detail\"><img loading=\"lazy\" decoding=\"async\" width=\"300\" height=\"150\" src=\"https:\/\/mastul.de\/archiv\/wp-content\/uploads\/2019\/01\/Jazz-Kitchen-Banner-02-e1563869496884.jpg\" class=\"attachment-300x200 size-300x200 wp-post-image\" alt=\"Jazz Kitchen Mastul - Die monatliche Jazzb\u00fchne\" srcset=\"https:\/\/mastul.de\/archiv\/wp-content\/uploads\/2019\/01\/Jazz-Kitchen-Banner-02-e1563869496884.jpg 1600w, https:\/\/mastul.de\/archiv\/wp-content\/uploads\/2019\/01\/Jazz-Kitchen-Banner-02-e1563869496884-850x425.jpg 850w, https:\/\/mastul.de\/archiv\/wp-content\/uploads\/2019\/01\/Jazz-Kitchen-Banner-02-e1563869496884-620x310.jpg 620w, https:\/\/mastul.de\/archiv\/wp-content\/uploads\/2019\/01\/Jazz-Kitchen-Banner-02-e1563869496884-400x200.jpg 400w\" sizes=\"auto, (max-width: 300px) 100vw, 300px\" \/><\/p>\n<h2><a href=\"https:\/\/mastul.de\/archiv\/events\/jazz-kitchen-mastul-die-monatliche-jazzbuehne-3-2021-12-10\/\">Jazz Kitchen Mastul - Die monatliche Jazzb\u00fchne<\/a><\/h2>\n<p class=\"event_text\">Jeden 2. Freitag im Monat versammelt sich ein St\u00fcckchen Cr\u00e8me de la Cr\u00e8me der musikalischen, internationalen Jazz-K\u00fcche auf unserer Salonb\u00fchne. Zeitgen\u00f6ssische Kompositionen, alter Swing, schwelgerische [...]<\/p>\n<div class=\"eventlist_icon\">\t<ul class=\"event-categories\">\r\n\t\t\t\t\t<li><a href=\"https:\/\/mastul.de\/archiv\/events\/categories\/konzerte\/\">Konzerte<\/a><\/li>\r\n\t\t\t\t\t<li><a href=\"https:\/\/mastul.de\/archiv\/events\/categories\/programm\/\">Programm<\/a><\/li>\r\n\t\t\t<\/ul>\r\n\t<\/div>\n<\/div>\n<p><a class=\"event_link\" href=\"https:\/\/mastul.de\/archiv\/events\/jazz-kitchen-mastul-die-monatliche-jazzbuehne-3-2021-12-10\/\"><em>&gt; zur Veranstaltung<\/em><\/a><\/p>\n<div style=\"clear: both\"><\/div>\n<\/div>\n<p>\t<\/div>\r\n<\/div>\n","protected":false},"excerpt":{"rendered":"","protected":false},"author":5,"featured_media":0,"parent":0,"menu_order":0,"comment_status":"closed","ping_status":"closed","template":"","meta":{"footnotes":""},"class_list":["post-9182","page","type-page","status-publish","hentry"],"_links":{"self":[{"href":"https:\/\/mastul.de\/archiv\/wp-json\/wp\/v2\/pages\/9182","targetHints":{"allow":["GET"]}}],"collection":[{"href":"https:\/\/mastul.de\/archiv\/wp-json\/wp\/v2\/pages"}],"about":[{"href":"https:\/\/mastul.de\/archiv\/wp-json\/wp\/v2\/types\/page"}],"author":[{"embeddable":true,"href":"https:\/\/mastul.de\/archiv\/wp-json\/wp\/v2\/users\/5"}],"replies":[{"embeddable":true,"href":"https:\/\/mastul.de\/archiv\/wp-json\/wp\/v2\/comments?post=9182"}],"version-history":[{"count":2,"href":"https:\/\/mastul.de\/archiv\/wp-json\/wp\/v2\/pages\/9182\/revisions"}],"predecessor-version":[{"id":9193,"href":"https:\/\/mastul.de\/archiv\/wp-json\/wp\/v2\/pages\/9182\/revisions\/9193"}],"wp:attachment":[{"href":"https:\/\/mastul.de\/archiv\/wp-json\/wp\/v2\/media?parent=9182"}],"curies":[{"name":"wp","href":"https:\/\/api.w.org\/{rel}","templated":true}]}}